{"id":44,"date":"2017-01-21T11:50:23","date_gmt":"2017-01-21T10:50:23","guid":{"rendered":"http:\/\/www.blog.neoprog.eu\/?page_id=44"},"modified":"2025-10-13T14:02:30","modified_gmt":"2025-10-13T12:02:30","slug":"a-propos","status":"publish","type":"page","link":"https:\/\/www.blog.neoprog.eu\/index.php\/a-propos\/","title":{"rendered":"A propos"},"content":{"rendered":"<div class=\"wp-block-image\">\n<figure class=\"alignleft size-large\"><img loading=\"lazy\" decoding=\"async\" width=\"1024\" height=\"682\" src=\"https:\/\/www.blog.neoprog.eu\/wp-content\/uploads\/2023\/08\/JC-1024x682.jpg\" alt=\"\" class=\"wp-image-9491\" srcset=\"https:\/\/www.blog.neoprog.eu\/wp-content\/uploads\/2023\/08\/JC-1024x682.jpg 1024w, https:\/\/www.blog.neoprog.eu\/wp-content\/uploads\/2023\/08\/JC-300x200.jpg 300w, https:\/\/www.blog.neoprog.eu\/wp-content\/uploads\/2023\/08\/JC-768x511.jpg 768w, https:\/\/www.blog.neoprog.eu\/wp-content\/uploads\/2023\/08\/JC-1536x1022.jpg 1536w, https:\/\/www.blog.neoprog.eu\/wp-content\/uploads\/2023\/08\/JC-451x300.jpg 451w, https:\/\/www.blog.neoprog.eu\/wp-content\/uploads\/2023\/08\/JC.jpg 2048w\" sizes=\"auto, (max-width: 1024px) 100vw, 1024px\" \/><\/figure>\n<\/div>\n\n\n<p>Qui suis-je ? Un amateur de photographie, d&rsquo;astronomie, de musique, de lecture, de bandes dessin\u00e9es, de science fiction et de rock progressif.<\/p>\n\n\n\n<p>Pourquoi ce blog ? Pour raconter ce qui me passe par la t\u00eate, parler de la musique que j&rsquo;\u00e9coute, publier des photos, raconter mon dernier coup de c\u0153ur&nbsp;litt\u00e9raire et partager cela avec vous.<\/p>\n\n\n\n<p>Certaines de mes photographies \u00ab\u00a0artistiques\u00a0\u00bb sont visibles sur <a href=\"https:\/\/www.flickr.com\/photos\/jclebrun\/\">Flickr<\/a>.<\/p>\n\n\n\n<p>Les photographies de concerts sont visibles \u00e9galement sur un second compte<a href=\"https:\/\/www.flickr.com\/photos\/197126433@N04\/\"> Flickr<\/a>.<\/p>\n\n\n\n<p><a href=\"https:\/\/www.facebook.com\/chroniques.en.images\">Chroniques en Images<\/a> est sur Facebook, vous y trouverez mes chroniques musicales.<\/p>\n\n\n\n<p>Enfin, <a href=\"https:\/\/www.youtube.com\/@ChroniquesEnImages\">Chroniques en Images<\/a> est \u00e9galement sur YouTube.<\/p>\n","protected":false},"excerpt":{"rendered":"<p>Qui suis-je ? Un amateur de photographie, d&rsquo;astronomie, de musique, de lecture, de bandes dessin\u00e9es, de science fiction et de rock progressif. Pourquoi ce blog ? Pour raconter ce qui me passe par la t\u00eate, parler de la musique que &hellip; <a href=\"https:\/\/www.blog.neoprog.eu\/index.php\/a-propos\/\">Continuer la lecture <span class=\"meta-nav\">&rarr;<\/span><\/a><\/p>\n","protected":false},"author":1,"featured_media":0,"parent":0,"menu_order":0,"comment_status":"closed","ping_status":"closed","template":"","meta":{"footnotes":""},"class_list":["post-44","page","type-page","status-publish","hentry"],"yoast_head":"<!-- This site is optimized with the Yoast SEO plugin v27.4 - https:\/\/yoast.com\/product\/yoast-seo-wordpress\/ -->\n<title>A propos - Le Blog du N\u00e9oprog<\/title>\n<meta name=\"robots\" content=\"index, follow, max-snippet:-1, max-image-preview:large, max-video-preview:-1\" \/>\n<link rel=\"canonical\" href=\"https:\/\/www.blog.neoprog.eu\/index.php\/a-propos\/\" \/>\n<meta property=\"og:locale\" content=\"fr_FR\" \/>\n<meta property=\"og:type\" content=\"article\" \/>\n<meta property=\"og:title\" content=\"A propos - Le Blog du N\u00e9oprog\" \/>\n<meta property=\"og:description\" content=\"Qui suis-je ? Un amateur de photographie, d&rsquo;astronomie, de musique, de lecture, de bandes dessin\u00e9es, de science fiction et de rock progressif. Pourquoi ce blog ? Pour raconter ce qui me passe par la t\u00eate, parler de la musique que &hellip; Continuer la lecture &rarr;\" \/>\n<meta property=\"og:url\" content=\"https:\/\/www.blog.neoprog.eu\/index.php\/a-propos\/\" \/>\n<meta property=\"og:site_name\" content=\"Le Blog du N\u00e9oprog\" \/>\n<meta property=\"article:modified_time\" content=\"2025-10-13T12:02:30+00:00\" \/>\n<meta property=\"og:image\" content=\"http:\/\/www.blog.neoprog.eu\/wp-content\/uploads\/2023\/08\/JC-1024x682.jpg\" \/>\n<meta name=\"twitter:card\" content=\"summary_large_image\" \/>\n<meta name=\"twitter:site\" content=\"@Le_Brun_JC\" \/>\n<meta name=\"twitter:label1\" content=\"Dur\u00e9e de lecture estim\u00e9e\" \/>\n\t<meta name=\"twitter:data1\" content=\"1 minute\" \/>\n<script type=\"application\/ld+json\" class=\"yoast-schema-graph\">{\"@context\":\"https:\\\/\\\/schema.org\",\"@graph\":[{\"@type\":\"WebPage\",\"@id\":\"https:\\\/\\\/www.blog.neoprog.eu\\\/index.php\\\/a-propos\\\/\",\"url\":\"https:\\\/\\\/www.blog.neoprog.eu\\\/index.php\\\/a-propos\\\/\",\"name\":\"A propos - Le Blog du N\u00e9oprog\",\"isPartOf\":{\"@id\":\"https:\\\/\\\/www.blog.neoprog.eu\\\/#website\"},\"primaryImageOfPage\":{\"@id\":\"https:\\\/\\\/www.blog.neoprog.eu\\\/index.php\\\/a-propos\\\/#primaryimage\"},\"image\":{\"@id\":\"https:\\\/\\\/www.blog.neoprog.eu\\\/index.php\\\/a-propos\\\/#primaryimage\"},\"thumbnailUrl\":\"http:\\\/\\\/www.blog.neoprog.eu\\\/wp-content\\\/uploads\\\/2023\\\/08\\\/JC-1024x682.jpg\",\"datePublished\":\"2017-01-21T10:50:23+00:00\",\"dateModified\":\"2025-10-13T12:02:30+00:00\",\"breadcrumb\":{\"@id\":\"https:\\\/\\\/www.blog.neoprog.eu\\\/index.php\\\/a-propos\\\/#breadcrumb\"},\"inLanguage\":\"fr-FR\",\"potentialAction\":[{\"@type\":\"ReadAction\",\"target\":[\"https:\\\/\\\/www.blog.neoprog.eu\\\/index.php\\\/a-propos\\\/\"]}]},{\"@type\":\"ImageObject\",\"inLanguage\":\"fr-FR\",\"@id\":\"https:\\\/\\\/www.blog.neoprog.eu\\\/index.php\\\/a-propos\\\/#primaryimage\",\"url\":\"http:\\\/\\\/www.blog.neoprog.eu\\\/wp-content\\\/uploads\\\/2023\\\/08\\\/JC-1024x682.jpg\",\"contentUrl\":\"http:\\\/\\\/www.blog.neoprog.eu\\\/wp-content\\\/uploads\\\/2023\\\/08\\\/JC-1024x682.jpg\"},{\"@type\":\"BreadcrumbList\",\"@id\":\"https:\\\/\\\/www.blog.neoprog.eu\\\/index.php\\\/a-propos\\\/#breadcrumb\",\"itemListElement\":[{\"@type\":\"ListItem\",\"position\":1,\"name\":\"Home\",\"item\":\"https:\\\/\\\/www.blog.neoprog.eu\\\/\"},{\"@type\":\"ListItem\",\"position\":2,\"name\":\"A propos\"}]},{\"@type\":\"WebSite\",\"@id\":\"https:\\\/\\\/www.blog.neoprog.eu\\\/#website\",\"url\":\"https:\\\/\\\/www.blog.neoprog.eu\\\/\",\"name\":\"Le Blog du N\u00e9oprog\",\"description\":\"\",\"publisher\":{\"@id\":\"https:\\\/\\\/www.blog.neoprog.eu\\\/#\\\/schema\\\/person\\\/47c594bf12736b172b772f0f02bcf511\"},\"potentialAction\":[{\"@type\":\"SearchAction\",\"target\":{\"@type\":\"EntryPoint\",\"urlTemplate\":\"https:\\\/\\\/www.blog.neoprog.eu\\\/?s={search_term_string}\"},\"query-input\":{\"@type\":\"PropertyValueSpecification\",\"valueRequired\":true,\"valueName\":\"search_term_string\"}}],\"inLanguage\":\"fr-FR\"},{\"@type\":[\"Person\",\"Organization\"],\"@id\":\"https:\\\/\\\/www.blog.neoprog.eu\\\/#\\\/schema\\\/person\\\/47c594bf12736b172b772f0f02bcf511\",\"name\":\"Neoprog\",\"image\":{\"@type\":\"ImageObject\",\"inLanguage\":\"fr-FR\",\"@id\":\"https:\\\/\\\/www.blog.neoprog.eu\\\/wp-content\\\/uploads\\\/2022\\\/09\\\/autoportrait-2.jpg\",\"url\":\"https:\\\/\\\/www.blog.neoprog.eu\\\/wp-content\\\/uploads\\\/2022\\\/09\\\/autoportrait-2.jpg\",\"contentUrl\":\"https:\\\/\\\/www.blog.neoprog.eu\\\/wp-content\\\/uploads\\\/2022\\\/09\\\/autoportrait-2.jpg\",\"width\":1024,\"height\":681,\"caption\":\"Neoprog\"},\"logo\":{\"@id\":\"https:\\\/\\\/www.blog.neoprog.eu\\\/wp-content\\\/uploads\\\/2022\\\/09\\\/autoportrait-2.jpg\"}}]}<\/script>\n<!-- \/ Yoast SEO plugin. -->","yoast_head_json":{"title":"A propos - Le Blog du N\u00e9oprog","robots":{"index":"index","follow":"follow","max-snippet":"max-snippet:-1","max-image-preview":"max-image-preview:large","max-video-preview":"max-video-preview:-1"},"canonical":"https:\/\/www.blog.neoprog.eu\/index.php\/a-propos\/","og_locale":"fr_FR","og_type":"article","og_title":"A propos - Le Blog du N\u00e9oprog","og_description":"Qui suis-je ? Un amateur de photographie, d&rsquo;astronomie, de musique, de lecture, de bandes dessin\u00e9es, de science fiction et de rock progressif. Pourquoi ce blog ? Pour raconter ce qui me passe par la t\u00eate, parler de la musique que &hellip; Continuer la lecture &rarr;","og_url":"https:\/\/www.blog.neoprog.eu\/index.php\/a-propos\/","og_site_name":"Le Blog du N\u00e9oprog","article_modified_time":"2025-10-13T12:02:30+00:00","og_image":[{"url":"http:\/\/www.blog.neoprog.eu\/wp-content\/uploads\/2023\/08\/JC-1024x682.jpg","type":"","width":"","height":""}],"twitter_card":"summary_large_image","twitter_site":"@Le_Brun_JC","twitter_misc":{"Dur\u00e9e de lecture estim\u00e9e":"1 minute"},"schema":{"@context":"https:\/\/schema.org","@graph":[{"@type":"WebPage","@id":"https:\/\/www.blog.neoprog.eu\/index.php\/a-propos\/","url":"https:\/\/www.blog.neoprog.eu\/index.php\/a-propos\/","name":"A propos - Le Blog du N\u00e9oprog","isPartOf":{"@id":"https:\/\/www.blog.neoprog.eu\/#website"},"primaryImageOfPage":{"@id":"https:\/\/www.blog.neoprog.eu\/index.php\/a-propos\/#primaryimage"},"image":{"@id":"https:\/\/www.blog.neoprog.eu\/index.php\/a-propos\/#primaryimage"},"thumbnailUrl":"http:\/\/www.blog.neoprog.eu\/wp-content\/uploads\/2023\/08\/JC-1024x682.jpg","datePublished":"2017-01-21T10:50:23+00:00","dateModified":"2025-10-13T12:02:30+00:00","breadcrumb":{"@id":"https:\/\/www.blog.neoprog.eu\/index.php\/a-propos\/#breadcrumb"},"inLanguage":"fr-FR","potentialAction":[{"@type":"ReadAction","target":["https:\/\/www.blog.neoprog.eu\/index.php\/a-propos\/"]}]},{"@type":"ImageObject","inLanguage":"fr-FR","@id":"https:\/\/www.blog.neoprog.eu\/index.php\/a-propos\/#primaryimage","url":"http:\/\/www.blog.neoprog.eu\/wp-content\/uploads\/2023\/08\/JC-1024x682.jpg","contentUrl":"http:\/\/www.blog.neoprog.eu\/wp-content\/uploads\/2023\/08\/JC-1024x682.jpg"},{"@type":"BreadcrumbList","@id":"https:\/\/www.blog.neoprog.eu\/index.php\/a-propos\/#breadcrumb","itemListElement":[{"@type":"ListItem","position":1,"name":"Home","item":"https:\/\/www.blog.neoprog.eu\/"},{"@type":"ListItem","position":2,"name":"A propos"}]},{"@type":"WebSite","@id":"https:\/\/www.blog.neoprog.eu\/#website","url":"https:\/\/www.blog.neoprog.eu\/","name":"Le Blog du N\u00e9oprog","description":"","publisher":{"@id":"https:\/\/www.blog.neoprog.eu\/#\/schema\/person\/47c594bf12736b172b772f0f02bcf511"},"potentialAction":[{"@type":"SearchAction","target":{"@type":"EntryPoint","urlTemplate":"https:\/\/www.blog.neoprog.eu\/?s={search_term_string}"},"query-input":{"@type":"PropertyValueSpecification","valueRequired":true,"valueName":"search_term_string"}}],"inLanguage":"fr-FR"},{"@type":["Person","Organization"],"@id":"https:\/\/www.blog.neoprog.eu\/#\/schema\/person\/47c594bf12736b172b772f0f02bcf511","name":"Neoprog","image":{"@type":"ImageObject","inLanguage":"fr-FR","@id":"https:\/\/www.blog.neoprog.eu\/wp-content\/uploads\/2022\/09\/autoportrait-2.jpg","url":"https:\/\/www.blog.neoprog.eu\/wp-content\/uploads\/2022\/09\/autoportrait-2.jpg","contentUrl":"https:\/\/www.blog.neoprog.eu\/wp-content\/uploads\/2022\/09\/autoportrait-2.jpg","width":1024,"height":681,"caption":"Neoprog"},"logo":{"@id":"https:\/\/www.blog.neoprog.eu\/wp-content\/uploads\/2022\/09\/autoportrait-2.jpg"}}]}},"_links":{"self":[{"href":"https:\/\/www.blog.neoprog.eu\/index.php\/wp-json\/wp\/v2\/pages\/44","targetHints":{"allow":["GET"]}}],"collection":[{"href":"https:\/\/www.blog.neoprog.eu\/index.php\/wp-json\/wp\/v2\/pages"}],"about":[{"href":"https:\/\/www.blog.neoprog.eu\/index.php\/wp-json\/wp\/v2\/types\/page"}],"author":[{"embeddable":true,"href":"https:\/\/www.blog.neoprog.eu\/index.php\/wp-json\/wp\/v2\/users\/1"}],"replies":[{"embeddable":true,"href":"https:\/\/www.blog.neoprog.eu\/index.php\/wp-json\/wp\/v2\/comments?post=44"}],"version-history":[{"count":15,"href":"https:\/\/www.blog.neoprog.eu\/index.php\/wp-json\/wp\/v2\/pages\/44\/revisions"}],"predecessor-version":[{"id":11950,"href":"https:\/\/www.blog.neoprog.eu\/index.php\/wp-json\/wp\/v2\/pages\/44\/revisions\/11950"}],"wp:attachment":[{"href":"https:\/\/www.blog.neoprog.eu\/index.php\/wp-json\/wp\/v2\/media?parent=44"}],"curies":[{"name":"wp","href":"https:\/\/api.w.org\/{rel}","templated":true}]}}