{"id":7523,"date":"2021-11-19T10:16:51","date_gmt":"2021-11-19T09:16:51","guid":{"rendered":"http:\/\/www.blog.neoprog.eu\/?page_id=7523"},"modified":"2021-11-19T10:16:52","modified_gmt":"2021-11-19T09:16:52","slug":"glagla","status":"publish","type":"page","link":"https:\/\/www.blog.neoprog.eu\/index.php\/glagla\/","title":{"rendered":"Glagla"},"content":{"rendered":"\n<figure class=\"wp-block-image size-full\"><img loading=\"lazy\" decoding=\"async\" width=\"1024\" height=\"591\" src=\"https:\/\/www.blog.neoprog.eu\/wp-content\/uploads\/2021\/11\/youtube.png\" alt=\"\" class=\"wp-image-7524\" srcset=\"https:\/\/www.blog.neoprog.eu\/wp-content\/uploads\/2021\/11\/youtube.png 1024w, https:\/\/www.blog.neoprog.eu\/wp-content\/uploads\/2021\/11\/youtube-300x173.png 300w, https:\/\/www.blog.neoprog.eu\/wp-content\/uploads\/2021\/11\/youtube-768x443.png 768w, https:\/\/www.blog.neoprog.eu\/wp-content\/uploads\/2021\/11\/youtube-500x289.png 500w\" sizes=\"auto, (max-width: 1024px) 100vw, 1024px\" \/><\/figure>\n\n\n\n<p>Ben oui \u00e7a caille lorsque l&rsquo;on coupe le chauffage !<\/p>\n\n\n\n<p>Mais c&rsquo;est pour une bonne cause. Le Nikon Z9 va sortir et co\u00fbt 6000 euros. Si je coupe le chauffage pendant six ans, je pourrai m&rsquo;offrir le nouveau boitier Nikon qui corrige un des gros d\u00e9faut de la gamme Z, la protection du capteur d&rsquo;images des poussi\u00e8res.<\/p>\n\n\n\n<p>Si vous ne m&rsquo;aidez pas, je vais mourrir de froid. Malgr\u00e9 le r\u00e9chauffement climatique, l&rsquo;Alsace reste une r\u00e9gion tr\u00e8s froide avec des minimes proches de -20\u00b0 Celsius.<\/p>\n\n\n\n<p>L&rsquo;id\u00e9e est donc que vous financiez mon chauffage pour trois ann\u00e9es, afin que je puisse m&rsquo;offrir le boitier totalement inutile.<\/p>\n\n\n\n<p>En contrepartie, je vous offre une des mes photographies t\u00e9l\u00e9chargeable gratuitement sur <a href=\"https:\/\/www.flickr.com\/photos\/jclebrun\/\">Flickr.<\/a> Chouette cadeau non ?<\/p>\n\n\n\n<p>Bon ok, je l&rsquo;avoue, ce crowdfunding est un gag d\u00e9bile&#8230;<\/p>\n","protected":false},"excerpt":{"rendered":"<p>Ben oui \u00e7a caille lorsque l&rsquo;on coupe le chauffage ! Mais c&rsquo;est pour une bonne cause. Le Nikon Z9 va sortir et co\u00fbt 6000 euros. Si je coupe le chauffage pendant six ans, je pourrai m&rsquo;offrir le nouveau boitier Nikon &hellip; <a href=\"https:\/\/www.blog.neoprog.eu\/index.php\/glagla\/\">Continuer la lecture <span class=\"meta-nav\">&rarr;<\/span><\/a><\/p>\n","protected":false},"author":1,"featured_media":0,"parent":0,"menu_order":0,"comment_status":"closed","ping_status":"closed","template":"","meta":{"footnotes":""},"class_list":["post-7523","page","type-page","status-publish","hentry"],"yoast_head":"<!-- This site is optimized with the Yoast SEO plugin v27.5 - https:\/\/yoast.com\/product\/yoast-seo-wordpress\/ -->\n<title>Glagla - Le Blog du N\u00e9oprog<\/title>\n<meta name=\"description\" content=\"L&#039;id\u00e9e est donc que vous financiez mon chauffage pour trois ann\u00e9es, afin que je puisse m&#039;offrir le boitier totalement inutile.\" \/>\n<meta name=\"robots\" content=\"index, follow, max-snippet:-1, max-image-preview:large, max-video-preview:-1\" \/>\n<link rel=\"canonical\" href=\"https:\/\/www.blog.neoprog.eu\/index.php\/glagla\/\" \/>\n<meta property=\"og:locale\" content=\"fr_FR\" \/>\n<meta property=\"og:type\" content=\"article\" \/>\n<meta property=\"og:title\" content=\"Glagla - Le Blog du N\u00e9oprog\" \/>\n<meta property=\"og:description\" content=\"L&#039;id\u00e9e est donc que vous financiez mon chauffage pour trois ann\u00e9es, afin que je puisse m&#039;offrir le boitier totalement inutile.\" \/>\n<meta property=\"og:url\" content=\"https:\/\/www.blog.neoprog.eu\/index.php\/glagla\/\" \/>\n<meta property=\"og:site_name\" content=\"Le Blog du N\u00e9oprog\" \/>\n<meta property=\"article:modified_time\" content=\"2021-11-19T09:16:52+00:00\" \/>\n<meta property=\"og:image\" content=\"http:\/\/www.blog.neoprog.eu\/wp-content\/uploads\/2021\/11\/youtube.png\" \/>\n<meta name=\"twitter:card\" content=\"summary_large_image\" \/>\n<meta name=\"twitter:site\" content=\"@Le_Brun_JC\" \/>\n<meta name=\"twitter:label1\" content=\"Dur\u00e9e de lecture estim\u00e9e\" \/>\n\t<meta name=\"twitter:data1\" content=\"1 minute\" \/>\n<script type=\"application\/ld+json\" class=\"yoast-schema-graph\">{\"@context\":\"https:\\\/\\\/schema.org\",\"@graph\":[{\"@type\":\"WebPage\",\"@id\":\"https:\\\/\\\/www.blog.neoprog.eu\\\/index.php\\\/glagla\\\/\",\"url\":\"https:\\\/\\\/www.blog.neoprog.eu\\\/index.php\\\/glagla\\\/\",\"name\":\"Glagla - Le Blog du N\u00e9oprog\",\"isPartOf\":{\"@id\":\"https:\\\/\\\/www.blog.neoprog.eu\\\/#website\"},\"primaryImageOfPage\":{\"@id\":\"https:\\\/\\\/www.blog.neoprog.eu\\\/index.php\\\/glagla\\\/#primaryimage\"},\"image\":{\"@id\":\"https:\\\/\\\/www.blog.neoprog.eu\\\/index.php\\\/glagla\\\/#primaryimage\"},\"thumbnailUrl\":\"http:\\\/\\\/www.blog.neoprog.eu\\\/wp-content\\\/uploads\\\/2021\\\/11\\\/youtube.png\",\"datePublished\":\"2021-11-19T09:16:51+00:00\",\"dateModified\":\"2021-11-19T09:16:52+00:00\",\"description\":\"L'id\u00e9e est donc que vous financiez mon chauffage pour trois ann\u00e9es, afin que je puisse m'offrir le boitier totalement inutile.\",\"breadcrumb\":{\"@id\":\"https:\\\/\\\/www.blog.neoprog.eu\\\/index.php\\\/glagla\\\/#breadcrumb\"},\"inLanguage\":\"fr-FR\",\"potentialAction\":[{\"@type\":\"ReadAction\",\"target\":[\"https:\\\/\\\/www.blog.neoprog.eu\\\/index.php\\\/glagla\\\/\"]}]},{\"@type\":\"ImageObject\",\"inLanguage\":\"fr-FR\",\"@id\":\"https:\\\/\\\/www.blog.neoprog.eu\\\/index.php\\\/glagla\\\/#primaryimage\",\"url\":\"https:\\\/\\\/www.blog.neoprog.eu\\\/wp-content\\\/uploads\\\/2021\\\/11\\\/youtube.png\",\"contentUrl\":\"https:\\\/\\\/www.blog.neoprog.eu\\\/wp-content\\\/uploads\\\/2021\\\/11\\\/youtube.png\",\"width\":1024,\"height\":591},{\"@type\":\"BreadcrumbList\",\"@id\":\"https:\\\/\\\/www.blog.neoprog.eu\\\/index.php\\\/glagla\\\/#breadcrumb\",\"itemListElement\":[{\"@type\":\"ListItem\",\"position\":1,\"name\":\"Home\",\"item\":\"https:\\\/\\\/www.blog.neoprog.eu\\\/\"},{\"@type\":\"ListItem\",\"position\":2,\"name\":\"Glagla\"}]},{\"@type\":\"WebSite\",\"@id\":\"https:\\\/\\\/www.blog.neoprog.eu\\\/#website\",\"url\":\"https:\\\/\\\/www.blog.neoprog.eu\\\/\",\"name\":\"Le Blog du N\u00e9oprog\",\"description\":\"\",\"publisher\":{\"@id\":\"https:\\\/\\\/www.blog.neoprog.eu\\\/#\\\/schema\\\/person\\\/47c594bf12736b172b772f0f02bcf511\"},\"potentialAction\":[{\"@type\":\"SearchAction\",\"target\":{\"@type\":\"EntryPoint\",\"urlTemplate\":\"https:\\\/\\\/www.blog.neoprog.eu\\\/?s={search_term_string}\"},\"query-input\":{\"@type\":\"PropertyValueSpecification\",\"valueRequired\":true,\"valueName\":\"search_term_string\"}}],\"inLanguage\":\"fr-FR\"},{\"@type\":[\"Person\",\"Organization\"],\"@id\":\"https:\\\/\\\/www.blog.neoprog.eu\\\/#\\\/schema\\\/person\\\/47c594bf12736b172b772f0f02bcf511\",\"name\":\"Neoprog\",\"image\":{\"@type\":\"ImageObject\",\"inLanguage\":\"fr-FR\",\"@id\":\"https:\\\/\\\/www.blog.neoprog.eu\\\/wp-content\\\/uploads\\\/2022\\\/09\\\/autoportrait-2.jpg\",\"url\":\"https:\\\/\\\/www.blog.neoprog.eu\\\/wp-content\\\/uploads\\\/2022\\\/09\\\/autoportrait-2.jpg\",\"contentUrl\":\"https:\\\/\\\/www.blog.neoprog.eu\\\/wp-content\\\/uploads\\\/2022\\\/09\\\/autoportrait-2.jpg\",\"width\":1024,\"height\":681,\"caption\":\"Neoprog\"},\"logo\":{\"@id\":\"https:\\\/\\\/www.blog.neoprog.eu\\\/wp-content\\\/uploads\\\/2022\\\/09\\\/autoportrait-2.jpg\"}}]}<\/script>\n<!-- \/ Yoast SEO plugin. -->","yoast_head_json":{"title":"Glagla - Le Blog du N\u00e9oprog","description":"L'id\u00e9e est donc que vous financiez mon chauffage pour trois ann\u00e9es, afin que je puisse m'offrir le boitier totalement inutile.","robots":{"index":"index","follow":"follow","max-snippet":"max-snippet:-1","max-image-preview":"max-image-preview:large","max-video-preview":"max-video-preview:-1"},"canonical":"https:\/\/www.blog.neoprog.eu\/index.php\/glagla\/","og_locale":"fr_FR","og_type":"article","og_title":"Glagla - Le Blog du N\u00e9oprog","og_description":"L'id\u00e9e est donc que vous financiez mon chauffage pour trois ann\u00e9es, afin que je puisse m'offrir le boitier totalement inutile.","og_url":"https:\/\/www.blog.neoprog.eu\/index.php\/glagla\/","og_site_name":"Le Blog du N\u00e9oprog","article_modified_time":"2021-11-19T09:16:52+00:00","og_image":[{"url":"http:\/\/www.blog.neoprog.eu\/wp-content\/uploads\/2021\/11\/youtube.png","type":"","width":"","height":""}],"twitter_card":"summary_large_image","twitter_site":"@Le_Brun_JC","twitter_misc":{"Dur\u00e9e de lecture estim\u00e9e":"1 minute"},"schema":{"@context":"https:\/\/schema.org","@graph":[{"@type":"WebPage","@id":"https:\/\/www.blog.neoprog.eu\/index.php\/glagla\/","url":"https:\/\/www.blog.neoprog.eu\/index.php\/glagla\/","name":"Glagla - Le Blog du N\u00e9oprog","isPartOf":{"@id":"https:\/\/www.blog.neoprog.eu\/#website"},"primaryImageOfPage":{"@id":"https:\/\/www.blog.neoprog.eu\/index.php\/glagla\/#primaryimage"},"image":{"@id":"https:\/\/www.blog.neoprog.eu\/index.php\/glagla\/#primaryimage"},"thumbnailUrl":"http:\/\/www.blog.neoprog.eu\/wp-content\/uploads\/2021\/11\/youtube.png","datePublished":"2021-11-19T09:16:51+00:00","dateModified":"2021-11-19T09:16:52+00:00","description":"L'id\u00e9e est donc que vous financiez mon chauffage pour trois ann\u00e9es, afin que je puisse m'offrir le boitier totalement inutile.","breadcrumb":{"@id":"https:\/\/www.blog.neoprog.eu\/index.php\/glagla\/#breadcrumb"},"inLanguage":"fr-FR","potentialAction":[{"@type":"ReadAction","target":["https:\/\/www.blog.neoprog.eu\/index.php\/glagla\/"]}]},{"@type":"ImageObject","inLanguage":"fr-FR","@id":"https:\/\/www.blog.neoprog.eu\/index.php\/glagla\/#primaryimage","url":"https:\/\/www.blog.neoprog.eu\/wp-content\/uploads\/2021\/11\/youtube.png","contentUrl":"https:\/\/www.blog.neoprog.eu\/wp-content\/uploads\/2021\/11\/youtube.png","width":1024,"height":591},{"@type":"BreadcrumbList","@id":"https:\/\/www.blog.neoprog.eu\/index.php\/glagla\/#breadcrumb","itemListElement":[{"@type":"ListItem","position":1,"name":"Home","item":"https:\/\/www.blog.neoprog.eu\/"},{"@type":"ListItem","position":2,"name":"Glagla"}]},{"@type":"WebSite","@id":"https:\/\/www.blog.neoprog.eu\/#website","url":"https:\/\/www.blog.neoprog.eu\/","name":"Le Blog du N\u00e9oprog","description":"","publisher":{"@id":"https:\/\/www.blog.neoprog.eu\/#\/schema\/person\/47c594bf12736b172b772f0f02bcf511"},"potentialAction":[{"@type":"SearchAction","target":{"@type":"EntryPoint","urlTemplate":"https:\/\/www.blog.neoprog.eu\/?s={search_term_string}"},"query-input":{"@type":"PropertyValueSpecification","valueRequired":true,"valueName":"search_term_string"}}],"inLanguage":"fr-FR"},{"@type":["Person","Organization"],"@id":"https:\/\/www.blog.neoprog.eu\/#\/schema\/person\/47c594bf12736b172b772f0f02bcf511","name":"Neoprog","image":{"@type":"ImageObject","inLanguage":"fr-FR","@id":"https:\/\/www.blog.neoprog.eu\/wp-content\/uploads\/2022\/09\/autoportrait-2.jpg","url":"https:\/\/www.blog.neoprog.eu\/wp-content\/uploads\/2022\/09\/autoportrait-2.jpg","contentUrl":"https:\/\/www.blog.neoprog.eu\/wp-content\/uploads\/2022\/09\/autoportrait-2.jpg","width":1024,"height":681,"caption":"Neoprog"},"logo":{"@id":"https:\/\/www.blog.neoprog.eu\/wp-content\/uploads\/2022\/09\/autoportrait-2.jpg"}}]}},"_links":{"self":[{"href":"https:\/\/www.blog.neoprog.eu\/index.php\/wp-json\/wp\/v2\/pages\/7523","targetHints":{"allow":["GET"]}}],"collection":[{"href":"https:\/\/www.blog.neoprog.eu\/index.php\/wp-json\/wp\/v2\/pages"}],"about":[{"href":"https:\/\/www.blog.neoprog.eu\/index.php\/wp-json\/wp\/v2\/types\/page"}],"author":[{"embeddable":true,"href":"https:\/\/www.blog.neoprog.eu\/index.php\/wp-json\/wp\/v2\/users\/1"}],"replies":[{"embeddable":true,"href":"https:\/\/www.blog.neoprog.eu\/index.php\/wp-json\/wp\/v2\/comments?post=7523"}],"version-history":[{"count":1,"href":"https:\/\/www.blog.neoprog.eu\/index.php\/wp-json\/wp\/v2\/pages\/7523\/revisions"}],"predecessor-version":[{"id":7525,"href":"https:\/\/www.blog.neoprog.eu\/index.php\/wp-json\/wp\/v2\/pages\/7523\/revisions\/7525"}],"wp:attachment":[{"href":"https:\/\/www.blog.neoprog.eu\/index.php\/wp-json\/wp\/v2\/media?parent=7523"}],"curies":[{"name":"wp","href":"https:\/\/api.w.org\/{rel}","templated":true}]}}